{"id":7172,"date":"2019-06-11T10:52:10","date_gmt":"2019-06-11T10:52:10","guid":{"rendered":"https:\/\/krahushqiponjes.com\/en\/?page_id=7172"},"modified":"2021-11-07T13:03:57","modified_gmt":"2021-11-07T13:03:57","slug":"gallery","status":"publish","type":"page","link":"https:\/\/krahushqiponjes.com\/en\/gallery\/","title":{"rendered":"Gallery"},"content":{"rendered":"<section class=\"l-section wpb_row height_medium\"><div class=\"l-section-h i-cf\"><div class=\"g-cols vc_row type_default valign_top\"><div class=\"vc_col-sm-8 wpb_column vc_column_container\"><div class=\"vc_column-inner\"><div class=\"wpb_wrapper\">\r\n\t<div class=\"wpb_text_column \">\r\n\t\t<div class=\"wpb_wrapper\">\r\n\t\t\t<h4><img loading=\"lazy\" class=\"aligncenter wp-image-7173 size-large\" src=\"https:\/\/krahushqiponjes.com\/en\/ngarkime\/2019\/07\/Dasma-shkodrane-1924.jpg\" alt=\"\" width=\"640\" height=\"453\" \/><\/h4>\n<h5><strong>God Blesses Albania!<\/strong><\/h5>\n<p>\u201cThe portrait of a nation\u201d, so is called one of the exhibits opened with the photos realized by\u00a0<strong>Pietro Marubi<\/strong>\u00a0and\u00a0<strong>Kol\u00eb Idromeno<\/strong>. The photos have been realized since 1888 up to 2913. In this exhibit are represented 26 phostos of Idromeno and Marubi.<\/p>\n<p>It is known that Marubi was the first who brought the phostos\u2019 art in Albania followed thereafter by his pupil Kol\u00eb Idromeno. The heredity left by Marubi dynasty is among the most popular in the field of European photography in the second half 19th century and in the first part of the 20th century.<\/p>\n<p>The exhibit is divided into sections: \u201cGroups and Families\u201d, \u201cWomen\u201d and \u201cMen\u201d.<\/p>\n<p>In the first section, Marubi and Idromeno have fixed Albanian northern families, Shal\u00ebs, Mirdit\u00ebs, Zadrim\u00ebs, Shllakut, Dukagjinit in 1888-1900. The photos of Marubi are \u201cVillagers of Mirdita\u201d (1888), \u201cTwo women with simple suits\u201d, \u201cThe men of Shala\u201d, \u201cand The highlanders of Shllaku\u201d, all in the year 1890. While Idromeno in this section is presented by \u201cThe Catholic villagers of Zadrima\u201d (1890) and \u201cThe highlanders of Dukagjini\u201d. This section mostly looks like a small ethnographic museum of the end of the \u2018800 and the beginning of \u2018900 in Albania. Here we have men dressed with long socks, with waistcoats and encrusted belts, turbans tied in the head, women with extensive dresses, wrapped in scarves, too much bijouterie around the neck.<\/p>\n<p>To the \u201cThe Catholic highlanders of Zadrima\u201d, the man, the wife and the<\/p>\n<div id=\"attachment_7174\" style=\"width: 212px\" class=\"wp-caption alignleft\"><img aria-describedby=\"caption-attachment-7174\" loading=\"lazy\" class=\"size-full wp-image-7174\" src=\"https:\/\/krahushqiponjes.com\/en\/ngarkime\/2019\/07\/pietro_marubi-202x300.jpg\" alt=\"\" width=\"202\" height=\"300\" \/><p id=\"caption-attachment-7174\" class=\"wp-caption-text\">Pietro Marubi \u2013 founder of the Albanian Photography<\/p><\/div>\n<p>bride or the daughter, with their attitudes help to read a little bit by the nature their character. The man with a straight body, with mustache, who has turned his back to the two women he has by side, expresses a proud character. The wife is wrapped in scarves while the bride is into a long dress, shows her hair until the jaw and has decorated her neck with a variety of jewelries, and among them also a cross that shows the religion. In the photo \u201cThe highlanders of Shllaku during the production of rakia\u201d (1890), Marubi has photographed haughty woman who looks like a man, with infuriated hair and with sombred eyebrows.<br \/>\nThe second section, with 6 photos, \u201cLandscapes and scenes of social life\u201d is refered to the life, work and professions of highlanders and to their joys as well. Idromeno has shpwn more about Shkodra with his art. The lake, Buna, the bazaar of Shkodra, the landscape around the city are expressed vivid in his photos. In the \u201cAn summer afternoon in Shkodra\u201d of \u2018900, in the known paths of the Bazaar, confined with both sides with low houses, are seen women with umbrellas in their hands, dressed with \u00e7itjane and with long scarves until down the waist, around the head. While the women wander in the bazaar\u2019s streets, the men have escaped away from the city and have cast nets in the lake (In the photo \u201cFishermen in lake\u201d, 1890).<\/p>\n<p>For men, there is an important place as well, for officeholders, fighters, religious men of Shkodra in 900. This is the last section called \u201cThe men\u201d. On top there is the Idromeno photo, \u201cTwo Catholics that show the Skanderbeg\u2019s photo\u201d (1910), where are seen men within a black long mantle.<\/p>\n<p>By Idromeno, we have also the photo of Isamil Qemali with a Turkish officeholder dressed with his official uniform and among them a child dressed with a traditional suit. The photographer from Shkodra has many photos dedicated to the Autonomy Celebration. In the photos \u201cThe military band of freedom\u201d (1910) and \u201cThe autonomy Day\u201d (1913) are seen children with uniforms who hold flags and musical vehicles, clarinets, drums, and bassoons. This is a way to show their joys. The clothing and the lissome bodies of the children show difficult living conditions. A perfect artistic realization who invites you to stay longer in this section is \u201cMeeting for brotherhood\u201d, where a group of men have occupied a mountain site.<\/p>\n<p>&nbsp;<\/p>\n<p><img loading=\"lazy\" class=\"alignleft size-full wp-image-7176\" src=\"https:\/\/krahushqiponjes.com\/en\/ngarkime\/2019\/07\/folk_dress-192x300.jpg\" alt=\"\" width=\"300\" height=\"468\" \/><\/p>\n<p>In this section \u201cMarubi\u201d is present with a child photo dressed in a traditional suit. \u201cA child from Kor\u00e7a with a fighter\u2019s hat\u201d, realized in 1890. There is noticed a simple and natural attitude of the child dressed with kilt, with a black belt around the knee and the waist and with the fighter\u2019s hat as well.<br \/>\nBut which is the message of this exhibit? If you see them carefully, it is easily understood the irreplaceable role of the photo in the human life, in the peoples life or in the human society. Through photos is realized a certain portrait. The photos of Marubi and Idromeno represent the Albania\u2019s portrait in a certain period of time. The photos with their language talk not only about the traditions of a nation, but also for peace, prosperity and the nature of civilization where it is included. So, even through photos is clearly shown the human life.<\/p>\n\r\n\t\t<\/div>\r\n\t<\/div>\r\n<\/div><\/div><\/div><div class=\"vc_col-sm-4 wpb_column vc_column_container\"><div class=\"vc_column-inner\"><div class=\"wpb_wrapper\"><div class=\" vc_custom_1523341878801 ubtn-ctn-left \"><button type=\"button\" id=\"ubtn-8017\"  class=\"ubtn ult-adjust-bottom-margin ult-responsive ubtn-custom ubtn-no-hover-bg  none  ubtn-left   tooltip-69d4f87c37001\"  data-hover=\"\" data-border-color=\"\" data-bg=\"#003875\" data-hover-bg=\"\" data-border-hover=\"\" data-shadow-hover=\"\" data-shadow-click=\"none\" data-shadow=\"\" data-shd-shadow=\"\"  data-ultimate-target='#ubtn-8017'  data-responsive-json-new='{\"font-size\":\"desktop:21px;\",\"line-height\":\"desktop:29px;\"}'  style=\"font-weight:normal;width:370px;min-height:50px;padding:px px;border:none;background: #003875;color: #ededed;\"><span class=\"ubtn-hover\" style=\"background-color:\"><\/span><span class=\"ubtn-data ubtn-text \" >Read More<\/span><\/button><\/div>\r\n\t<div class=\"wpb_text_column \">\r\n\t\t<div class=\"wpb_wrapper\">\r\n\t\t\t<p><span style=\"display: block; border-bottom-left-radius: 5px; border-bottom-right-radius: 5px; padding: 14px 28px; margin: 0; border-bottom: 2px solid #003875; width: 100%; border: none; background-color: #dfdfdf; font-size: 16px; cursor: pointer; text-align: left; color: #003875;\"><a style=\"text-decoration: none; color: #003875;\" href=\"\/gallery\/photos\/\">&gt; Photos<\/a><br \/>\n<a style=\"text-decoration: none; color: #003875;\" href=\"\/gallery\/videos\/\"> &gt; Videos<\/a><br \/>\n<a style=\"text-decoration: none; color: #003875;\" href=\"\/gallery\/slideshow\">&gt; Slideshow<\/a><br \/>\n<\/span><\/p>\n\r\n\t\t<\/div>\r\n\t<\/div>\r\n<div class=\" vc_custom_1523342529010 ubtn-ctn-left \"><button type=\"button\" id=\"ubtn-4032\"  class=\"ubtn ult-adjust-bottom-margin ult-responsive ubtn-custom ubtn-no-hover-bg  none  ubtn-left   tooltip-69d4f87c370d9\"  data-hover=\"\" data-border-color=\"\" data-bg=\"#003875\" data-hover-bg=\"\" data-border-hover=\"\" data-shadow-hover=\"\" data-shadow-click=\"none\" data-shadow=\"\" data-shd-shadow=\"\"  data-ultimate-target='#ubtn-4032'  data-responsive-json-new='{\"font-size\":\"desktop:21px;\",\"line-height\":\"desktop:29px;\"}'  style=\"font-weight:normal;width:370px;min-height:50px;padding:px px;border:none;background: #003875;color: #ededed;\"><span class=\"ubtn-hover\" style=\"background-color:\"><\/span><span class=\"ubtn-data ubtn-text \" >Share to your friends<\/span><\/button><\/div><div class=\"w-sharing type_outlined align_center color_default vc_custom_1560221917801\" style=\"font-size:0.9rem;\"><div class=\"w-sharing-list\" data-sharing-url=\"https:\/\/krahushqiponjes.com\/en\/en\/wp-json\/wp\/v2\/pages\/7172\" data-sharing-image=\"\"><a class=\"w-sharing-item email\" href=\"javascript:void(0)\" title=\"Email this\" aria-label=\"Email this\"><span class=\"w-sharing-icon\"><\/span><\/a><a class=\"w-sharing-item facebook\" href=\"javascript:void(0)\" title=\"Share this\" aria-label=\"Share this\"><span class=\"w-sharing-icon\"><\/span><\/a><a class=\"w-sharing-item twitter\" href=\"javascript:void(0)\" title=\"Tweet this\" aria-label=\"Tweet this\"><span class=\"w-sharing-icon\"><\/span><\/a><a class=\"w-sharing-item linkedin\" href=\"javascript:void(0)\" title=\"Share this\" aria-label=\"Share this\"><span class=\"w-sharing-icon\"><\/span><\/a><a class=\"w-sharing-item whatsapp\" href=\"javascript:void(0)\" title=\"Share this\" aria-label=\"Share this\"><span class=\"w-sharing-icon\"><\/span><\/a><\/div><\/div><\/div><\/div><\/div><\/div><\/div><\/section>\n","protected":false},"excerpt":{"rendered":"God Blesses Albania! \u201cThe portrait of a nation\u201d, so is called one of the exhibits opened with the photos realized by\u00a0Pietro Marubi\u00a0and\u00a0Kol\u00eb Idromeno. The photos have been realized since 1888 up to 2913. In this exhibit are represented 26 phostos of Idromeno and Marubi. It is known that Marubi was the first who brought the...","protected":false},"author":1,"featured_media":0,"parent":0,"menu_order":0,"comment_status":"closed","ping_status":"closed","template":"","meta":[],"_links":{"self":[{"href":"https:\/\/krahushqiponjes.com\/en\/wp-json\/wp\/v2\/pages\/7172"}],"collection":[{"href":"https:\/\/krahushqiponjes.com\/en\/wp-json\/wp\/v2\/pages"}],"about":[{"href":"https:\/\/krahushqiponjes.com\/en\/wp-json\/wp\/v2\/types\/page"}],"author":[{"embeddable":true,"href":"https:\/\/krahushqiponjes.com\/en\/wp-json\/wp\/v2\/users\/1"}],"replies":[{"embeddable":true,"href":"https:\/\/krahushqiponjes.com\/en\/wp-json\/wp\/v2\/comments?post=7172"}],"version-history":[{"count":4,"href":"https:\/\/krahushqiponjes.com\/en\/wp-json\/wp\/v2\/pages\/7172\/revisions"}],"predecessor-version":[{"id":11966,"href":"https:\/\/krahushqiponjes.com\/en\/wp-json\/wp\/v2\/pages\/7172\/revisions\/11966"}],"wp:attachment":[{"href":"https:\/\/krahushqiponjes.com\/en\/wp-json\/wp\/v2\/media?parent=7172"}],"curies":[{"name":"wp","href":"https:\/\/api.w.org\/{rel}","templated":true}]}}